{"id":162,"date":"2021-08-23T10:58:50","date_gmt":"2021-08-23T07:58:50","guid":{"rendered":"http:\/\/www.fatihtasbilek.com.tr\/?page_id=162"},"modified":"2021-08-23T10:58:51","modified_gmt":"2021-08-23T07:58:51","slug":"isitma-sogutma-sistemleri","status":"publish","type":"page","link":"http:\/\/www.fatihtasbilek.com.tr\/index.php\/isitma-sogutma-sistemleri\/","title":{"rendered":"Is\u0131tma-So\u011futma Sistemleri"},"content":{"rendered":"\n<figure class=\"wp-block-gallery columns-3 is-cropped wp-block-gallery-1 is-layout-flex wp-block-gallery-is-layout-flex\"><ul class=\"blocks-gallery-grid\"><li class=\"blocks-gallery-item\"><figure><img loading=\"lazy\" decoding=\"async\" width=\"1024\" height=\"576\" src=\"http:\/\/www.fatihtasbilek.com.tr\/wp-content\/uploads\/2021\/08\/20180213_162620-1024x576.jpg\" alt=\"\" data-id=\"164\" class=\"wp-image-164\" srcset=\"http:\/\/www.fatihtasbilek.com.tr\/wp-content\/uploads\/2021\/08\/20180213_162620-1024x576.jpg 1024w, http:\/\/www.fatihtasbilek.com.tr\/wp-content\/uploads\/2021\/08\/20180213_162620-300x169.jpg 300w, http:\/\/www.fatihtasbilek.com.tr\/wp-content\/uploads\/2021\/08\/20180213_162620-768x432.jpg 768w, http:\/\/www.fatihtasbilek.com.tr\/wp-content\/uploads\/2021\/08\/20180213_162620-1536x864.jpg 1536w, http:\/\/www.fatihtasbilek.com.tr\/wp-content\/uploads\/2021\/08\/20180213_162620-2048x1152.jpg 2048w, http:\/\/www.fatihtasbilek.com.tr\/wp-content\/uploads\/2021\/08\/20180213_162620-1920x1080.jpg 1920w\" sizes=\"auto, (max-width: 1024px) 100vw, 1024px\" \/><\/figure><\/li><li class=\"blocks-gallery-item\"><figure><img loading=\"lazy\" decoding=\"async\" width=\"1024\" height=\"576\" src=\"http:\/\/www.fatihtasbilek.com.tr\/wp-content\/uploads\/2021\/08\/20180214_105050-1024x576.jpg\" alt=\"\" data-id=\"165\" data-full-url=\"http:\/\/www.fatihtasbilek.com.tr\/wp-content\/uploads\/2021\/08\/20180214_105050-scaled.jpg\" data-link=\"http:\/\/www.fatihtasbilek.com.tr\/?attachment_id=165\" class=\"wp-image-165\" srcset=\"http:\/\/www.fatihtasbilek.com.tr\/wp-content\/uploads\/2021\/08\/20180214_105050-1024x576.jpg 1024w, http:\/\/www.fatihtasbilek.com.tr\/wp-content\/uploads\/2021\/08\/20180214_105050-300x169.jpg 300w, http:\/\/www.fatihtasbilek.com.tr\/wp-content\/uploads\/2021\/08\/20180214_105050-768x432.jpg 768w, http:\/\/www.fatihtasbilek.com.tr\/wp-content\/uploads\/2021\/08\/20180214_105050-1536x864.jpg 1536w, http:\/\/www.fatihtasbilek.com.tr\/wp-content\/uploads\/2021\/08\/20180214_105050-2048x1152.jpg 2048w, http:\/\/www.fatihtasbilek.com.tr\/wp-content\/uploads\/2021\/08\/20180214_105050-1920x1080.jpg 1920w\" sizes=\"auto, (max-width: 1024px) 100vw, 1024px\" \/><\/figure><\/li><li class=\"blocks-gallery-item\"><figure><img loading=\"lazy\" decoding=\"async\" width=\"1024\" height=\"576\" src=\"http:\/\/www.fatihtasbilek.com.tr\/wp-content\/uploads\/2021\/08\/20180220_132545-1-1024x576.jpg\" alt=\"\" data-id=\"166\" data-full-url=\"http:\/\/www.fatihtasbilek.com.tr\/wp-content\/uploads\/2021\/08\/20180220_132545-1-scaled.jpg\" data-link=\"http:\/\/www.fatihtasbilek.com.tr\/?attachment_id=166\" class=\"wp-image-166\" srcset=\"http:\/\/www.fatihtasbilek.com.tr\/wp-content\/uploads\/2021\/08\/20180220_132545-1-1024x576.jpg 1024w, http:\/\/www.fatihtasbilek.com.tr\/wp-content\/uploads\/2021\/08\/20180220_132545-1-300x169.jpg 300w, http:\/\/www.fatihtasbilek.com.tr\/wp-content\/uploads\/2021\/08\/20180220_132545-1-768x432.jpg 768w, http:\/\/www.fatihtasbilek.com.tr\/wp-content\/uploads\/2021\/08\/20180220_132545-1-1536x864.jpg 1536w, http:\/\/www.fatihtasbilek.com.tr\/wp-content\/uploads\/2021\/08\/20180220_132545-1-2048x1152.jpg 2048w, http:\/\/www.fatihtasbilek.com.tr\/wp-content\/uploads\/2021\/08\/20180220_132545-1-1920x1080.jpg 1920w\" sizes=\"auto, (max-width: 1024px) 100vw, 1024px\" \/><\/figure><\/li><\/ul><\/figure>\n\n\n\n<h3 class=\"wp-block-heading\">Is\u0131tma-So\u011futma Sistemleri<\/h3>\n\n\n\n<p>Hvac sistemleri geni\u015f ya\u015fam alan\u0131 ve enerji t\u00fcketimi olan yerlerde \u00e7ok\u00e7a kullan\u0131l\u0131r. Modern yap\u0131l\u0131 binalar\u0131n hemen hepsi hava kontrol\u00fcn\u00fc bu sistemlerle olu\u015fturmaya ba\u015flam\u0131\u015ft\u0131r. Bu gibi geni\u015f kullan\u0131m\u0131 bulunan alanlarda etkili bir \u015fekilde kullan\u0131l\u0131r. Binalar\u0131n yap\u0131s\u0131na ve kullan\u0131lan hvac sistemlerinin \u00f6zelliklerine g\u00f6re hvac i\u00e7in harcanan enerji, binan\u0131n harcad\u0131\u011f\u0131 enerjinin %15 ile %60\u2019\u0131na denk gelir. Bu durum bu sistemin optimizasyonunu olduk\u00e7a \u00f6nemli k\u0131lar. Bu sistemi en iyi \u015fekilde optimize ederek ve ortam yal\u0131t\u0131m\u0131n\u0131 sa\u011flayarak kullan\u0131lan enerjiden ciddi tasarruflar elde edebilirsiniz.<\/p>\n\n\n\n<p>Hvac sistemi kumanda ile istenilen \u015fekilde kontrol edilebilir. Ortam\u0131n havaland\u0131rmas\u0131 ve \u0131s\u0131 konforu merkezi bir \u015fekilde tek bir yerden kontrol edilebilir. Ortam\u0131n \u0131s\u0131t\u0131lmas\u0131 ya da so\u011futulmas\u0131 tek bir merkezden kontrol edilerek t\u00fcm b\u00f6l\u00fcmlerde ayn\u0131 anda ortak olarak sa\u011flanabilir. Bu sayede enerji verimlili\u011fi de sa\u011flan\u0131r. Sistemin tasar\u0131m\u0131nda binan\u0131n yap\u0131s\u0131 ve \u015fartlar\u0131 g\u00f6z \u00f6n\u00fcne al\u0131narak ona g\u00f6re dizayn olu\u015fturulmal\u0131d\u0131r. En uygun ve y\u00fcksek verimlilik sunacak sistem se\u00e7ilmeli ve tasar\u0131m\u0131 ona g\u00f6re yap\u0131lmal\u0131d\u0131r.<\/p>\n","protected":false},"excerpt":{"rendered":"<p>Is\u0131tma-So\u011futma Sistemleri Hvac sistemleri geni\u015f ya\u015fam alan\u0131 ve enerji t\u00fcketimi olan yerlerde \u00e7ok\u00e7a kullan\u0131l\u0131r. Modern yap\u0131l\u0131 binalar\u0131n hemen hepsi hava kontrol\u00fcn\u00fc bu sistemlerle olu\u015fturmaya ba\u015flam\u0131\u015ft\u0131r. Bu gibi geni\u015f kullan\u0131m\u0131 bulunan alanlarda etkili bir \u015fekilde kullan\u0131l\u0131r. Binalar\u0131n yap\u0131s\u0131na ve kullan\u0131lan hvac sistemlerinin \u00f6zelliklerine g\u00f6re hvac i\u00e7in harcanan enerji, binan\u0131n harcad\u0131\u011f\u0131 enerjinin %15 ile %60\u2019\u0131na denk gelir.&hellip; <br \/> <a class=\"read-more\" href=\"http:\/\/www.fatihtasbilek.com.tr\/index.php\/isitma-sogutma-sistemleri\/\">Devam\u0131<\/a><\/p>\n","protected":false},"author":1,"featured_media":0,"parent":0,"menu_order":0,"comment_status":"closed","ping_status":"closed","template":"","meta":{"footnotes":""},"class_list":["post-162","page","type-page","status-publish","hentry"],"_links":{"self":[{"href":"http:\/\/www.fatihtasbilek.com.tr\/index.php\/wp-json\/wp\/v2\/pages\/162","targetHints":{"allow":["GET"]}}],"collection":[{"href":"http:\/\/www.fatihtasbilek.com.tr\/index.php\/wp-json\/wp\/v2\/pages"}],"about":[{"href":"http:\/\/www.fatihtasbilek.com.tr\/index.php\/wp-json\/wp\/v2\/types\/page"}],"author":[{"embeddable":true,"href":"http:\/\/www.fatihtasbilek.com.tr\/index.php\/wp-json\/wp\/v2\/users\/1"}],"replies":[{"embeddable":true,"href":"http:\/\/www.fatihtasbilek.com.tr\/index.php\/wp-json\/wp\/v2\/comments?post=162"}],"version-history":[{"count":1,"href":"http:\/\/www.fatihtasbilek.com.tr\/index.php\/wp-json\/wp\/v2\/pages\/162\/revisions"}],"predecessor-version":[{"id":167,"href":"http:\/\/www.fatihtasbilek.com.tr\/index.php\/wp-json\/wp\/v2\/pages\/162\/revisions\/167"}],"wp:attachment":[{"href":"http:\/\/www.fatihtasbilek.com.tr\/index.php\/wp-json\/wp\/v2\/media?parent=162"}],"curies":[{"name":"wp","href":"https:\/\/api.w.org\/{rel}","templated":true}]}}