{"id":168,"date":"2021-08-23T11:04:03","date_gmt":"2021-08-23T08:04:03","guid":{"rendered":"http:\/\/www.fatihtasbilek.com.tr\/?page_id=168"},"modified":"2021-08-23T11:16:57","modified_gmt":"2021-08-23T08:16:57","slug":"otomasyon-sistemleri","status":"publish","type":"page","link":"http:\/\/www.fatihtasbilek.com.tr\/index.php\/otomasyon-sistemleri\/","title":{"rendered":"Otomasyon Sistemleri"},"content":{"rendered":"\n<div class=\"wp-block-media-text alignwide is-stacked-on-mobile is-vertically-aligned-top\"><figure class=\"wp-block-media-text__media\"><img loading=\"lazy\" decoding=\"async\" width=\"1024\" height=\"683\" src=\"http:\/\/www.fatihtasbilek.com.tr\/wp-content\/uploads\/2021\/08\/1549875227_ekipman-otomasyon-2._resim-1024x683-1.jpg\" alt=\"\" class=\"wp-image-193 size-full\" srcset=\"http:\/\/www.fatihtasbilek.com.tr\/wp-content\/uploads\/2021\/08\/1549875227_ekipman-otomasyon-2._resim-1024x683-1.jpg 1024w, http:\/\/www.fatihtasbilek.com.tr\/wp-content\/uploads\/2021\/08\/1549875227_ekipman-otomasyon-2._resim-1024x683-1-300x200.jpg 300w, http:\/\/www.fatihtasbilek.com.tr\/wp-content\/uploads\/2021\/08\/1549875227_ekipman-otomasyon-2._resim-1024x683-1-768x512.jpg 768w\" sizes=\"auto, (max-width: 1024px) 100vw, 1024px\" \/><\/figure><div class=\"wp-block-media-text__content\">\n<p><strong>Otomasyon Sistemleri<\/strong><\/p>\n\n\n\n<p>Uzun \u00e7al\u0131\u015fmalar sonucunda ortaya \u00e7\u0131kar\u0131lm\u0131\u015f olan End\u00fcstriyel Otomasyon sistemlerinin ilk amac\u0131, 24 saat \u00e7al\u0131\u015fan sistemler ile \u00fcretimi art\u0131rmak ve bu sayede personel giderlerinden kar elde etmekti. Ancak g\u00fcn\u00fcm\u00fczde kullan\u0131lan&nbsp;<em>end\u00fcstriyel otomasyon sistemleri<\/em>&nbsp;ile \u00fcretim s\u00fcrecinde esneklik ve kaliteyi art\u0131rmak ama\u00e7lanmaktad\u0131r.<\/p>\n\n\n\n<ul class=\"wp-block-list\"><li>End\u00fcstriyel makina otomasyonu<\/li><li>Fabrika otomasyon<\/li><li>Bina otomasyon<\/li><li>Ev otomasyonu<\/li><li>Ak\u0131ll\u0131 bina otomasyonu<\/li><li>Ak\u0131ll\u0131 ev otomasyonu<\/li><li>Ayd\u0131nlatma otomasyon sistemleri<\/li><li>Plc otomasyonu<\/li><li>End\u00fcstriyel otomasyon sistemleri<\/li><li>Sera otomasyon sistemleri<\/li><\/ul>\n<\/div><\/div>\n\n\n\n<p><\/p>\n","protected":false},"excerpt":{"rendered":"<p>Otomasyon Sistemleri Uzun \u00e7al\u0131\u015fmalar sonucunda ortaya \u00e7\u0131kar\u0131lm\u0131\u015f olan End\u00fcstriyel Otomasyon sistemlerinin ilk amac\u0131, 24 saat \u00e7al\u0131\u015fan sistemler ile \u00fcretimi art\u0131rmak ve bu sayede personel giderlerinden kar elde etmekti. Ancak g\u00fcn\u00fcm\u00fczde kullan\u0131lan&nbsp;end\u00fcstriyel otomasyon sistemleri&nbsp;ile \u00fcretim s\u00fcrecinde esneklik ve kaliteyi art\u0131rmak ama\u00e7lanmaktad\u0131r. End\u00fcstriyel makina otomasyonu Fabrika otomasyon Bina otomasyon Ev otomasyonu Ak\u0131ll\u0131 bina otomasyonu Ak\u0131ll\u0131 ev otomasyonu&hellip; <br \/> <a class=\"read-more\" href=\"http:\/\/www.fatihtasbilek.com.tr\/index.php\/otomasyon-sistemleri\/\">Devam\u0131<\/a><\/p>\n","protected":false},"author":1,"featured_media":0,"parent":0,"menu_order":0,"comment_status":"closed","ping_status":"closed","template":"","meta":{"footnotes":""},"class_list":["post-168","page","type-page","status-publish","hentry"],"_links":{"self":[{"href":"http:\/\/www.fatihtasbilek.com.tr\/index.php\/wp-json\/wp\/v2\/pages\/168","targetHints":{"allow":["GET"]}}],"collection":[{"href":"http:\/\/www.fatihtasbilek.com.tr\/index.php\/wp-json\/wp\/v2\/pages"}],"about":[{"href":"http:\/\/www.fatihtasbilek.com.tr\/index.php\/wp-json\/wp\/v2\/types\/page"}],"author":[{"embeddable":true,"href":"http:\/\/www.fatihtasbilek.com.tr\/index.php\/wp-json\/wp\/v2\/users\/1"}],"replies":[{"embeddable":true,"href":"http:\/\/www.fatihtasbilek.com.tr\/index.php\/wp-json\/wp\/v2\/comments?post=168"}],"version-history":[{"count":3,"href":"http:\/\/www.fatihtasbilek.com.tr\/index.php\/wp-json\/wp\/v2\/pages\/168\/revisions"}],"predecessor-version":[{"id":198,"href":"http:\/\/www.fatihtasbilek.com.tr\/index.php\/wp-json\/wp\/v2\/pages\/168\/revisions\/198"}],"wp:attachment":[{"href":"http:\/\/www.fatihtasbilek.com.tr\/index.php\/wp-json\/wp\/v2\/media?parent=168"}],"curies":[{"name":"wp","href":"https:\/\/api.w.org\/{rel}","templated":true}]}}