{"id":170,"date":"2021-08-23T11:04:03","date_gmt":"2021-08-23T08:04:03","guid":{"rendered":"http:\/\/www.fatihtasbilek.com.tr\/?page_id=170"},"modified":"2021-08-23T11:17:21","modified_gmt":"2021-08-23T08:17:21","slug":"yangin-koruma-sistemleri","status":"publish","type":"page","link":"http:\/\/www.fatihtasbilek.com.tr\/index.php\/yangin-koruma-sistemleri\/","title":{"rendered":"Yang\u0131n S\u00f6nd\u00fcrme Sistemleri"},"content":{"rendered":"\n<p><\/p>\n\n\n\n<div class=\"wp-block-media-text alignwide is-stacked-on-mobile is-vertically-aligned-top\"><figure class=\"wp-block-media-text__media\"><img loading=\"lazy\" decoding=\"async\" width=\"1024\" height=\"512\" src=\"http:\/\/www.fatihtasbilek.com.tr\/wp-content\/uploads\/2021\/08\/fireprotectionsystemcomponents-1024x512-1.jpg\" alt=\"\" class=\"wp-image-196 size-full\" srcset=\"http:\/\/www.fatihtasbilek.com.tr\/wp-content\/uploads\/2021\/08\/fireprotectionsystemcomponents-1024x512-1.jpg 1024w, http:\/\/www.fatihtasbilek.com.tr\/wp-content\/uploads\/2021\/08\/fireprotectionsystemcomponents-1024x512-1-300x150.jpg 300w, http:\/\/www.fatihtasbilek.com.tr\/wp-content\/uploads\/2021\/08\/fireprotectionsystemcomponents-1024x512-1-768x384.jpg 768w\" sizes=\"auto, (max-width: 1024px) 100vw, 1024px\" \/><\/figure><div class=\"wp-block-media-text__content\">\n<h3 class=\"wp-block-heading\">Yang\u0131n S\u00f6nd\u00fcrme Sistemleri<\/h3>\n\n\n\n<p>Yang\u0131n S\u00f6nd\u00fcrme Sistemleri, yang\u0131nlar\u0131n \u00f6ncelikle olu\u015fmalar\u0131n\u0131 ve sonras\u0131nda yang\u0131n\u0131n b\u00fcy\u00fcmesini engellemek amac\u0131n\u0131 ta\u015f\u0131maktad\u0131rlar.<br>Yang\u0131n s\u00f6nd\u00fcrme sistemleri, Davlumbaz S\u00f6nd\u00fcrme Sistemi, Fm 200 Gazl\u0131 S\u00f6nd\u00fcrme Sistemleri, Karbondioksitli, K\u00f6p\u00fck ve Kimyasal i\u00e7eriklidir.<\/p>\n\n\n\n<ul class=\"wp-block-list\"><li>FM-200 Gazl\u0131 S\u00f6nd\u00fcrme Sistemleri<\/li><li>Karbondioksitli S\u00f6nd\u00fcrme Sistemleri<\/li><li>Davlumbaz S\u00f6nd\u00fcrme Sistemleri<\/li><li>Sprinkler S\u00f6nd\u00fcrme Sistemleri<\/li><li>K\u00f6p\u00fckl\u00fc S\u00f6nd\u00fcrme Sistemleri<\/li><li>Alg\u0131lama \u0130hbar Sistemleri<\/li><li>Duman Emi\u015f Sistemleri<\/li><li>Bas\u0131n\u00e7land\u0131rma Sistemleri<\/li><li>Yang\u0131n Suyu Pompa \u0130stasyonlar\u0131<\/li><\/ul>\n<\/div><\/div>\n","protected":false},"excerpt":{"rendered":"<p>Yang\u0131n S\u00f6nd\u00fcrme Sistemleri Yang\u0131n S\u00f6nd\u00fcrme Sistemleri, yang\u0131nlar\u0131n \u00f6ncelikle olu\u015fmalar\u0131n\u0131 ve sonras\u0131nda yang\u0131n\u0131n b\u00fcy\u00fcmesini engellemek amac\u0131n\u0131 ta\u015f\u0131maktad\u0131rlar.Yang\u0131n s\u00f6nd\u00fcrme sistemleri, Davlumbaz S\u00f6nd\u00fcrme Sistemi, Fm 200 Gazl\u0131 S\u00f6nd\u00fcrme Sistemleri, Karbondioksitli, K\u00f6p\u00fck ve Kimyasal i\u00e7eriklidir. FM-200 Gazl\u0131 S\u00f6nd\u00fcrme Sistemleri Karbondioksitli S\u00f6nd\u00fcrme Sistemleri Davlumbaz S\u00f6nd\u00fcrme Sistemleri Sprinkler S\u00f6nd\u00fcrme Sistemleri K\u00f6p\u00fckl\u00fc S\u00f6nd\u00fcrme Sistemleri Alg\u0131lama \u0130hbar Sistemleri Duman Emi\u015f Sistemleri Bas\u0131n\u00e7land\u0131rma Sistemleri&hellip; <br \/> <a class=\"read-more\" href=\"http:\/\/www.fatihtasbilek.com.tr\/index.php\/yangin-koruma-sistemleri\/\">Devam\u0131<\/a><\/p>\n","protected":false},"author":1,"featured_media":0,"parent":0,"menu_order":0,"comment_status":"closed","ping_status":"closed","template":"","meta":{"footnotes":""},"class_list":["post-170","page","type-page","status-publish","hentry"],"_links":{"self":[{"href":"http:\/\/www.fatihtasbilek.com.tr\/index.php\/wp-json\/wp\/v2\/pages\/170","targetHints":{"allow":["GET"]}}],"collection":[{"href":"http:\/\/www.fatihtasbilek.com.tr\/index.php\/wp-json\/wp\/v2\/pages"}],"about":[{"href":"http:\/\/www.fatihtasbilek.com.tr\/index.php\/wp-json\/wp\/v2\/types\/page"}],"author":[{"embeddable":true,"href":"http:\/\/www.fatihtasbilek.com.tr\/index.php\/wp-json\/wp\/v2\/users\/1"}],"replies":[{"embeddable":true,"href":"http:\/\/www.fatihtasbilek.com.tr\/index.php\/wp-json\/wp\/v2\/comments?post=170"}],"version-history":[{"count":3,"href":"http:\/\/www.fatihtasbilek.com.tr\/index.php\/wp-json\/wp\/v2\/pages\/170\/revisions"}],"predecessor-version":[{"id":199,"href":"http:\/\/www.fatihtasbilek.com.tr\/index.php\/wp-json\/wp\/v2\/pages\/170\/revisions\/199"}],"wp:attachment":[{"href":"http:\/\/www.fatihtasbilek.com.tr\/index.php\/wp-json\/wp\/v2\/media?parent=170"}],"curies":[{"name":"wp","href":"https:\/\/api.w.org\/{rel}","templated":true}]}}