{"id":172,"date":"2021-08-23T11:04:03","date_gmt":"2021-08-23T08:04:03","guid":{"rendered":"http:\/\/www.fatihtasbilek.com.tr\/?page_id=172"},"modified":"2021-08-23T11:26:50","modified_gmt":"2021-08-23T08:26:50","slug":"sihhi-tesisat-sistemleri","status":"publish","type":"page","link":"http:\/\/www.fatihtasbilek.com.tr\/index.php\/sihhi-tesisat-sistemleri\/","title":{"rendered":"S\u0131hhi Tesisat Sistemleri"},"content":{"rendered":"\n<div class=\"wp-block-media-text alignwide is-stacked-on-mobile is-vertically-aligned-top\"><figure class=\"wp-block-media-text__media\"><img loading=\"lazy\" decoding=\"async\" width=\"750\" height=\"422\" src=\"http:\/\/www.fatihtasbilek.com.tr\/wp-content\/uploads\/2021\/08\/sihhi-tesisat-750x422-1.png\" alt=\"\" class=\"wp-image-203 size-full\" srcset=\"http:\/\/www.fatihtasbilek.com.tr\/wp-content\/uploads\/2021\/08\/sihhi-tesisat-750x422-1.png 750w, http:\/\/www.fatihtasbilek.com.tr\/wp-content\/uploads\/2021\/08\/sihhi-tesisat-750x422-1-300x169.png 300w\" sizes=\"auto, (max-width: 750px) 100vw, 750px\" \/><\/figure><div class=\"wp-block-media-text__content\">\n<h3 class=\"wp-block-heading\">S\u0131hhi Tesisat<\/h3>\n\n\n\n<p>Yap\u0131larda suya, sa\u011fl\u0131kl\u0131 \u015fekilde ula\u015fman\u0131n yolu tesisat sisteminin projelendirilmesinden, \u00fcr\u00fcn se\u00e7imine ait s\u00fcre\u00e7lerden ge\u00e7er.<\/p>\n\n\n\n<p>S\u0131hhi tesisat, insan sa\u011fl\u0131\u011f\u0131n\u0131n korunmas\u0131yla do\u011frudan ilgilidir. \u015eehirle\u015fme ve modern hayat, ihtiya\u00e7larla birlikte tesisat ve tesisat\u00e7\u0131l\u0131\u011f\u0131n \u00f6nemini art\u0131rd\u0131. Ayn\u0131 \u015fekilde kullan\u0131lan malzemeler de de\u011fi\u015fiklik g\u00f6sterdi.<\/p>\n\n\n\n<p>Suyun ta\u015f\u0131nmas\u0131 konusu, insan sa\u011fl\u0131\u011f\u0131 ile do\u011frudan do\u011fruya ilgili oldu\u011fu i\u00e7in temiz su tesisat\u0131nda&nbsp; kullan\u0131lan borular kullan\u0131m amac\u0131na uygun, su kalitesini etkilemeyen ve korozyona dayan\u0131kl\u0131 malzemelerden yap\u0131lmal\u0131d\u0131r.<\/p>\n\n\n\n<ul class=\"wp-block-list\"><li>S\u0131hhi Tesisat Cihaz ve Ekipmanlar\u0131<\/li><li>Kullan\u0131m Suyu Da\u011f\u0131t\u0131m Sistemleri<\/li><li>Kullan\u0131m S\u0131cak Suyu Da\u011f\u0131t\u0131m ve Haz\u0131rlama Sistemleri<\/li><li>Pis su tesisat\u0131<\/li><li>Ya\u011fmur Suyu Drenaj Tesisat\u0131<\/li><li>Su ar\u0131tma sistemleri<\/li><\/ul>\n<\/div><\/div>\n","protected":false},"excerpt":{"rendered":"<p>S\u0131hhi Tesisat Yap\u0131larda suya, sa\u011fl\u0131kl\u0131 \u015fekilde ula\u015fman\u0131n yolu tesisat sisteminin projelendirilmesinden, \u00fcr\u00fcn se\u00e7imine ait s\u00fcre\u00e7lerden ge\u00e7er. S\u0131hhi tesisat, insan sa\u011fl\u0131\u011f\u0131n\u0131n korunmas\u0131yla do\u011frudan ilgilidir. \u015eehirle\u015fme ve modern hayat, ihtiya\u00e7larla birlikte tesisat ve tesisat\u00e7\u0131l\u0131\u011f\u0131n \u00f6nemini art\u0131rd\u0131. Ayn\u0131 \u015fekilde kullan\u0131lan malzemeler de de\u011fi\u015fiklik g\u00f6sterdi. Suyun ta\u015f\u0131nmas\u0131 konusu, insan sa\u011fl\u0131\u011f\u0131 ile do\u011frudan do\u011fruya ilgili oldu\u011fu i\u00e7in temiz su tesisat\u0131nda&nbsp;&hellip; <br \/> <a class=\"read-more\" href=\"http:\/\/www.fatihtasbilek.com.tr\/index.php\/sihhi-tesisat-sistemleri\/\">Devam\u0131<\/a><\/p>\n","protected":false},"author":1,"featured_media":0,"parent":0,"menu_order":0,"comment_status":"closed","ping_status":"closed","template":"","meta":{"footnotes":""},"class_list":["post-172","page","type-page","status-publish","hentry"],"_links":{"self":[{"href":"http:\/\/www.fatihtasbilek.com.tr\/index.php\/wp-json\/wp\/v2\/pages\/172","targetHints":{"allow":["GET"]}}],"collection":[{"href":"http:\/\/www.fatihtasbilek.com.tr\/index.php\/wp-json\/wp\/v2\/pages"}],"about":[{"href":"http:\/\/www.fatihtasbilek.com.tr\/index.php\/wp-json\/wp\/v2\/types\/page"}],"author":[{"embeddable":true,"href":"http:\/\/www.fatihtasbilek.com.tr\/index.php\/wp-json\/wp\/v2\/users\/1"}],"replies":[{"embeddable":true,"href":"http:\/\/www.fatihtasbilek.com.tr\/index.php\/wp-json\/wp\/v2\/comments?post=172"}],"version-history":[{"count":2,"href":"http:\/\/www.fatihtasbilek.com.tr\/index.php\/wp-json\/wp\/v2\/pages\/172\/revisions"}],"predecessor-version":[{"id":205,"href":"http:\/\/www.fatihtasbilek.com.tr\/index.php\/wp-json\/wp\/v2\/pages\/172\/revisions\/205"}],"wp:attachment":[{"href":"http:\/\/www.fatihtasbilek.com.tr\/index.php\/wp-json\/wp\/v2\/media?parent=172"}],"curies":[{"name":"wp","href":"https:\/\/api.w.org\/{rel}","templated":true}]}}