{"id":173,"date":"2021-08-23T11:04:03","date_gmt":"2021-08-23T08:04:03","guid":{"rendered":"http:\/\/www.fatihtasbilek.com.tr\/?page_id=173"},"modified":"2021-08-23T11:27:49","modified_gmt":"2021-08-23T08:27:49","slug":"projelendirme","status":"publish","type":"page","link":"http:\/\/www.fatihtasbilek.com.tr\/index.php\/projelendirme\/","title":{"rendered":"Projelendirme"},"content":{"rendered":"\n<div class=\"wp-block-media-text alignwide is-stacked-on-mobile\"><figure class=\"wp-block-media-text__media\"><img loading=\"lazy\" decoding=\"async\" width=\"910\" height=\"612\" src=\"http:\/\/www.fatihtasbilek.com.tr\/wp-content\/uploads\/2021\/08\/cropped-projelendirme-1.jpg\" alt=\"\" class=\"wp-image-206 size-full\" srcset=\"http:\/\/www.fatihtasbilek.com.tr\/wp-content\/uploads\/2021\/08\/cropped-projelendirme-1.jpg 910w, http:\/\/www.fatihtasbilek.com.tr\/wp-content\/uploads\/2021\/08\/cropped-projelendirme-1-300x202.jpg 300w, http:\/\/www.fatihtasbilek.com.tr\/wp-content\/uploads\/2021\/08\/cropped-projelendirme-1-768x517.jpg 768w\" sizes=\"auto, (max-width: 910px) 100vw, 910px\" \/><\/figure><div class=\"wp-block-media-text__content\">\n<h4 class=\"wp-block-heading\">Projelendirme<\/h4>\n\n\n\n<p>M\u00fchendislerimiz taraf\u0131ndan en uygun b\u00fct\u00e7e kullan\u0131lacak \u00fcr\u00fcnler se\u00e7ilerek, uzun vadede sorunsunsuz bir i\u015f ortaya konmas\u0131 hedeflenerek maliyet hesab\u0131 \u00e7\u0131kar\u0131l\u0131r. Projelendirme s\u00fcreci sonucunda ortaya \u00e7\u0131kan taslak da kullan\u0131lacak \u00fcr\u00fcnler, yaz\u0131l\u0131mlar ve projenin \u00e7al\u0131\u015f\u0131r konuma geli\u015f s\u00fcresi hakk\u0131nda bilgi iletilir.<\/p>\n<\/div><\/div>\n\n\n\n<p><\/p>\n","protected":false},"excerpt":{"rendered":"<p>Projelendirme M\u00fchendislerimiz taraf\u0131ndan en uygun b\u00fct\u00e7e kullan\u0131lacak \u00fcr\u00fcnler se\u00e7ilerek, uzun vadede sorunsunsuz bir i\u015f ortaya konmas\u0131 hedeflenerek maliyet hesab\u0131 \u00e7\u0131kar\u0131l\u0131r. Projelendirme s\u00fcreci sonucunda ortaya \u00e7\u0131kan taslak da kullan\u0131lacak \u00fcr\u00fcnler, yaz\u0131l\u0131mlar ve projenin \u00e7al\u0131\u015f\u0131r konuma geli\u015f s\u00fcresi hakk\u0131nda bilgi iletilir.<\/p>\n","protected":false},"author":1,"featured_media":0,"parent":0,"menu_order":0,"comment_status":"closed","ping_status":"closed","template":"","meta":{"footnotes":""},"class_list":["post-173","page","type-page","status-publish","hentry"],"_links":{"self":[{"href":"http:\/\/www.fatihtasbilek.com.tr\/index.php\/wp-json\/wp\/v2\/pages\/173","targetHints":{"allow":["GET"]}}],"collection":[{"href":"http:\/\/www.fatihtasbilek.com.tr\/index.php\/wp-json\/wp\/v2\/pages"}],"about":[{"href":"http:\/\/www.fatihtasbilek.com.tr\/index.php\/wp-json\/wp\/v2\/types\/page"}],"author":[{"embeddable":true,"href":"http:\/\/www.fatihtasbilek.com.tr\/index.php\/wp-json\/wp\/v2\/users\/1"}],"replies":[{"embeddable":true,"href":"http:\/\/www.fatihtasbilek.com.tr\/index.php\/wp-json\/wp\/v2\/comments?post=173"}],"version-history":[{"count":2,"href":"http:\/\/www.fatihtasbilek.com.tr\/index.php\/wp-json\/wp\/v2\/pages\/173\/revisions"}],"predecessor-version":[{"id":207,"href":"http:\/\/www.fatihtasbilek.com.tr\/index.php\/wp-json\/wp\/v2\/pages\/173\/revisions\/207"}],"wp:attachment":[{"href":"http:\/\/www.fatihtasbilek.com.tr\/index.php\/wp-json\/wp\/v2\/media?parent=173"}],"curies":[{"name":"wp","href":"https:\/\/api.w.org\/{rel}","templated":true}]}}