{"id":2,"date":"2021-08-20T10:53:25","date_gmt":"2021-08-20T07:53:25","guid":{"rendered":"http:\/\/www.fatihtasbilek.com.tr\/?page_id=2"},"modified":"2021-08-20T11:24:49","modified_gmt":"2021-08-20T08:24:49","slug":"ornek-sayfa","status":"publish","type":"page","link":"http:\/\/www.fatihtasbilek.com.tr\/index.php\/ornek-sayfa\/","title":{"rendered":"Biz Kimiz?"},"content":{"rendered":"\n<p>Fatih Ta\u015fbilek M\u00fchendislik; mekanik tesisat kapsam\u0131ndaki t\u00fcm konularda uzman kadrosu ile sizler i\u00e7in maksimum verimlilikte profesyonel \u00e7\u00f6z\u00fcmler sunar.<\/p>\n\n\n\n<p>Mekanik tesisat projelerini t\u00fcm fonksiyonlar\u0131 ile eksiksiz olarak haz\u0131rlar. Verimlilik analizleri yap\u0131lm\u0131\u015f do\u011fru ve uygulanabilir bir tasar\u0131m ile yat\u0131r\u0131mc\u0131ya uygulamada zaman ve i\u015fletme tasarrufu sa\u011flar.<\/p>\n\n\n\n<p>B\u00fcnyesinde bulunan uzman m\u00fchendis kadrosu ile alan\u0131nda tam bir hizmet sunar.<\/p>\n","protected":false},"excerpt":{"rendered":"<p>Fatih Ta\u015fbilek M\u00fchendislik; mekanik tesisat kapsam\u0131ndaki t\u00fcm konularda uzman kadrosu ile sizler i\u00e7in maksimum verimlilikte profesyonel \u00e7\u00f6z\u00fcmler sunar. Mekanik tesisat projelerini t\u00fcm fonksiyonlar\u0131 ile eksiksiz olarak haz\u0131rlar. Verimlilik analizleri yap\u0131lm\u0131\u015f do\u011fru ve uygulanabilir bir tasar\u0131m ile yat\u0131r\u0131mc\u0131ya uygulamada zaman ve i\u015fletme tasarrufu sa\u011flar. B\u00fcnyesinde bulunan uzman m\u00fchendis kadrosu ile alan\u0131nda tam bir hizmet sunar.<\/p>\n","protected":false},"author":1,"featured_media":0,"parent":0,"menu_order":0,"comment_status":"closed","ping_status":"open","template":"","meta":{"footnotes":""},"class_list":["post-2","page","type-page","status-publish","hentry"],"_links":{"self":[{"href":"http:\/\/www.fatihtasbilek.com.tr\/index.php\/wp-json\/wp\/v2\/pages\/2","targetHints":{"allow":["GET"]}}],"collection":[{"href":"http:\/\/www.fatihtasbilek.com.tr\/index.php\/wp-json\/wp\/v2\/pages"}],"about":[{"href":"http:\/\/www.fatihtasbilek.com.tr\/index.php\/wp-json\/wp\/v2\/types\/page"}],"author":[{"embeddable":true,"href":"http:\/\/www.fatihtasbilek.com.tr\/index.php\/wp-json\/wp\/v2\/users\/1"}],"replies":[{"embeddable":true,"href":"http:\/\/www.fatihtasbilek.com.tr\/index.php\/wp-json\/wp\/v2\/comments?post=2"}],"version-history":[{"count":1,"href":"http:\/\/www.fatihtasbilek.com.tr\/index.php\/wp-json\/wp\/v2\/pages\/2\/revisions"}],"predecessor-version":[{"id":19,"href":"http:\/\/www.fatihtasbilek.com.tr\/index.php\/wp-json\/wp\/v2\/pages\/2\/revisions\/19"}],"wp:attachment":[{"href":"http:\/\/www.fatihtasbilek.com.tr\/index.php\/wp-json\/wp\/v2\/media?parent=2"}],"curies":[{"name":"wp","href":"https:\/\/api.w.org\/{rel}","templated":true}]}}