{"id":25,"date":"2021-08-20T11:41:59","date_gmt":"2021-08-20T08:41:59","guid":{"rendered":"http:\/\/www.fatihtasbilek.com.tr\/?page_id=25"},"modified":"2021-08-21T18:15:50","modified_gmt":"2021-08-21T15:15:50","slug":"faaliyet-alanlarimiz","status":"publish","type":"page","link":"http:\/\/www.fatihtasbilek.com.tr\/index.php\/faaliyet-alanlarimiz\/","title":{"rendered":"Faaliyet Alanlar\u0131m\u0131z"},"content":{"rendered":"\n<h2 class=\"wp-block-heading\"><span class=\"has-inline-color has-luminous-vivid-orange-color\">HVAC Sistemleri<\/span><\/h2>\n\n\n\n<h2 class=\"wp-block-heading\">\u2022Is\u0131tma sistemleri<\/h2>\n\n\n\n<h2 class=\"wp-block-heading\">\u2022Havaland\u0131rma Sistemleri<\/h2>\n\n\n\n<h2 class=\"wp-block-heading\">\u2022Vrf\/Vrv Klima Sistemleri<\/h2>\n\n\n\n<h2 class=\"wp-block-heading\">\u2022Hijyenik Klima Sistemleri<\/h2>\n\n\n\n<h2 class=\"wp-block-heading\">\u2022Ameliyathane ve filtre sistemleri<\/h2>\n\n\n\n<h2 class=\"wp-block-heading\">\u2022Pompa istasyonlar\u0131 ve manevra odalar\u0131<\/h2>\n\n\n\n<h2 class=\"wp-block-heading\">\u2022So\u011futma suyu haz\u0131rlama ve da\u011f\u0131t\u0131m sistemleri<\/h2>\n\n\n\n<h2 class=\"wp-block-heading\">\u2022Is\u0131tma suyu haz\u0131rlama ve da\u011f\u0131t\u0131m sistemleri<\/h2>\n\n\n\n<h2 class=\"wp-block-heading\">\u2022Havaland\u0131rma ekipmanlar\u0131 planlamas\u0131 temini ve montaj\u0131<\/h2>\n\n\n\n<h2 class=\"wp-block-heading\"><span class=\"has-inline-color has-luminous-vivid-orange-color\">S\u0131hhi Tesisat Sistemleri<\/span><\/h2>\n\n\n\n<h2 class=\"wp-block-heading\">\u2022S\u0131hhi tesisat cihaz ve ekipmanlar\u0131<\/h2>\n\n\n\n<h2 class=\"wp-block-heading\">\u2022Kullan\u0131m suyu da\u011f\u0131t\u0131m sistemleri<\/h2>\n\n\n\n<h2 class=\"wp-block-heading\">\u2022Kullan\u0131m s\u0131cak suyu haz\u0131rlama ve da\u011f\u0131t\u0131m sistemleri<\/h2>\n\n\n\n<h2 class=\"wp-block-heading\">\u2022Pis su tesisat\u0131<\/h2>\n\n\n\n<h2 class=\"wp-block-heading\">\u2022Ya\u011fmur suyu drenaj tesisat\u0131<\/h2>\n\n\n\n<h2 class=\"wp-block-heading\">\u2022Su ar\u0131tma sistemleri<\/h2>\n\n\n\n<h2 class=\"wp-block-heading\"><span class=\"has-inline-color has-luminous-vivid-orange-color\">Yang\u0131n Koruma Sistemleri<\/span><\/h2>\n\n\n\n<h2 class=\"wp-block-heading\">\u2022Sulu yang\u0131n s\u00f6nd\u00fcrme sistemleri<\/h2>\n\n\n\n<h2 class=\"wp-block-heading\">\u2022\u00d6zel gazl\u0131 yang\u0131n s\u00f6nd\u00fcrme sistemleri<\/h2>\n\n\n\n<h2 class=\"wp-block-heading\">\u2022Yang\u0131n suyu pompa istasyonlar\u0131<\/h2>\n\n\n\n<h2 class=\"wp-block-heading\">\u2022Duman emi\u015f sistemleri<\/h2>\n\n\n\n<h2 class=\"wp-block-heading\">\u2022Bas\u0131n\u00e7land\u0131rma sistemleri<\/h2>\n\n\n\n<h2 class=\"wp-block-heading\"><span class=\"has-inline-color has-luminous-vivid-orange-color\">Otomasyon Sistemleri<\/span><\/h2>\n\n\n\n<h2 class=\"wp-block-heading\">\u2022Bina otomasyon senaryolar\u0131n\u0131n planlanmas\u0131<\/h2>\n\n\n\n<h2 class=\"wp-block-heading\">\u2022Saha elemanlar\u0131 ve ekipmanlar\u0131n\u0131n se\u00e7imi, temini ve montaj\u0131<\/h2>\n\n\n\n<p><\/p>\n","protected":false},"excerpt":{"rendered":"<p>HVAC Sistemleri \u2022Is\u0131tma sistemleri \u2022Havaland\u0131rma Sistemleri \u2022Vrf\/Vrv Klima Sistemleri \u2022Hijyenik Klima Sistemleri \u2022Ameliyathane ve filtre sistemleri \u2022Pompa istasyonlar\u0131 ve manevra odalar\u0131 \u2022So\u011futma suyu haz\u0131rlama ve da\u011f\u0131t\u0131m sistemleri \u2022Is\u0131tma suyu haz\u0131rlama ve da\u011f\u0131t\u0131m sistemleri \u2022Havaland\u0131rma ekipmanlar\u0131 planlamas\u0131 temini ve montaj\u0131 S\u0131hhi Tesisat Sistemleri \u2022S\u0131hhi tesisat cihaz ve ekipmanlar\u0131 \u2022Kullan\u0131m suyu da\u011f\u0131t\u0131m sistemleri \u2022Kullan\u0131m s\u0131cak suyu haz\u0131rlama&hellip; <br \/> <a class=\"read-more\" href=\"http:\/\/www.fatihtasbilek.com.tr\/index.php\/faaliyet-alanlarimiz\/\">Devam\u0131<\/a><\/p>\n","protected":false},"author":1,"featured_media":0,"parent":0,"menu_order":0,"comment_status":"closed","ping_status":"closed","template":"","meta":{"footnotes":""},"class_list":["post-25","page","type-page","status-publish","hentry"],"_links":{"self":[{"href":"http:\/\/www.fatihtasbilek.com.tr\/index.php\/wp-json\/wp\/v2\/pages\/25","targetHints":{"allow":["GET"]}}],"collection":[{"href":"http:\/\/www.fatihtasbilek.com.tr\/index.php\/wp-json\/wp\/v2\/pages"}],"about":[{"href":"http:\/\/www.fatihtasbilek.com.tr\/index.php\/wp-json\/wp\/v2\/types\/page"}],"author":[{"embeddable":true,"href":"http:\/\/www.fatihtasbilek.com.tr\/index.php\/wp-json\/wp\/v2\/users\/1"}],"replies":[{"embeddable":true,"href":"http:\/\/www.fatihtasbilek.com.tr\/index.php\/wp-json\/wp\/v2\/comments?post=25"}],"version-history":[{"count":4,"href":"http:\/\/www.fatihtasbilek.com.tr\/index.php\/wp-json\/wp\/v2\/pages\/25\/revisions"}],"predecessor-version":[{"id":147,"href":"http:\/\/www.fatihtasbilek.com.tr\/index.php\/wp-json\/wp\/v2\/pages\/25\/revisions\/147"}],"wp:attachment":[{"href":"http:\/\/www.fatihtasbilek.com.tr\/index.php\/wp-json\/wp\/v2\/media?parent=25"}],"curies":[{"name":"wp","href":"https:\/\/api.w.org\/{rel}","templated":true}]}}