{"id":26,"date":"2021-08-20T11:42:00","date_gmt":"2021-08-20T08:42:00","guid":{"rendered":"http:\/\/www.fatihtasbilek.com.tr\/?page_id=26"},"modified":"2021-08-20T12:00:22","modified_gmt":"2021-08-20T09:00:22","slug":"devam-eden-projeler","status":"publish","type":"page","link":"http:\/\/www.fatihtasbilek.com.tr\/index.php\/devam-eden-projeler\/","title":{"rendered":"Devam Eden Projeler"},"content":{"rendered":"\n<div class=\"wp-block-media-text alignwide is-stacked-on-mobile\" style=\"grid-template-columns:15% auto\"><figure class=\"wp-block-media-text__media\"><img loading=\"lazy\" decoding=\"async\" width=\"225\" height=\"225\" src=\"http:\/\/www.fatihtasbilek.com.tr\/wp-content\/uploads\/2021\/08\/indir-2.jpg\" alt=\"\" class=\"wp-image-47 size-full\" srcset=\"http:\/\/www.fatihtasbilek.com.tr\/wp-content\/uploads\/2021\/08\/indir-2.jpg 225w, http:\/\/www.fatihtasbilek.com.tr\/wp-content\/uploads\/2021\/08\/indir-2-150x150.jpg 150w\" sizes=\"auto, (max-width: 225px) 100vw, 225px\" \/><\/figure><div class=\"wp-block-media-text__content\">\n<p style=\"font-size:25px\">CUMHURBA\u015eKANLI\u011eI MUHAFIZ ALAY KOMUTANLI\u011eI KIZILIRMAK YEMEKHANE B\u0130NASININ MUTFAK KISMI BAKIM ONARIMI \u0130\u015e\u0130<\/p>\n<\/div><\/div>\n\n\n\n<p><\/p>\n","protected":false},"excerpt":{"rendered":"<p>CUMHURBA\u015eKANLI\u011eI MUHAFIZ ALAY KOMUTANLI\u011eI KIZILIRMAK YEMEKHANE B\u0130NASININ MUTFAK KISMI BAKIM ONARIMI \u0130\u015e\u0130<\/p>\n","protected":false},"author":1,"featured_media":0,"parent":0,"menu_order":0,"comment_status":"closed","ping_status":"closed","template":"","meta":{"footnotes":""},"class_list":["post-26","page","type-page","status-publish","hentry"],"_links":{"self":[{"href":"http:\/\/www.fatihtasbilek.com.tr\/index.php\/wp-json\/wp\/v2\/pages\/26","targetHints":{"allow":["GET"]}}],"collection":[{"href":"http:\/\/www.fatihtasbilek.com.tr\/index.php\/wp-json\/wp\/v2\/pages"}],"about":[{"href":"http:\/\/www.fatihtasbilek.com.tr\/index.php\/wp-json\/wp\/v2\/types\/page"}],"author":[{"embeddable":true,"href":"http:\/\/www.fatihtasbilek.com.tr\/index.php\/wp-json\/wp\/v2\/users\/1"}],"replies":[{"embeddable":true,"href":"http:\/\/www.fatihtasbilek.com.tr\/index.php\/wp-json\/wp\/v2\/comments?post=26"}],"version-history":[{"count":3,"href":"http:\/\/www.fatihtasbilek.com.tr\/index.php\/wp-json\/wp\/v2\/pages\/26\/revisions"}],"predecessor-version":[{"id":51,"href":"http:\/\/www.fatihtasbilek.com.tr\/index.php\/wp-json\/wp\/v2\/pages\/26\/revisions\/51"}],"wp:attachment":[{"href":"http:\/\/www.fatihtasbilek.com.tr\/index.php\/wp-json\/wp\/v2\/media?parent=26"}],"curies":[{"name":"wp","href":"https:\/\/api.w.org\/{rel}","templated":true}]}}