{"id":27,"date":"2021-08-20T11:42:00","date_gmt":"2021-08-20T08:42:00","guid":{"rendered":"http:\/\/www.fatihtasbilek.com.tr\/?page_id=27"},"modified":"2021-08-21T18:48:43","modified_gmt":"2021-08-21T15:48:43","slug":"tamamlanan-projeler","status":"publish","type":"page","link":"http:\/\/www.fatihtasbilek.com.tr\/index.php\/tamamlanan-projeler\/","title":{"rendered":"Tamamlanan Projeler"},"content":{"rendered":"\n<div class=\"wp-block-media-text alignwide is-stacked-on-mobile\" style=\"grid-template-columns:15% auto\"><figure class=\"wp-block-media-text__media\"><img loading=\"lazy\" decoding=\"async\" width=\"125\" height=\"125\" src=\"http:\/\/www.fatihtasbilek.com.tr\/wp-content\/uploads\/2021\/08\/5783.jpg\" alt=\"\" class=\"wp-image-142 size-full\"\/><\/figure><div class=\"wp-block-media-text__content\">\n<ul class=\"wp-block-list\"><li>TC. CUMHURBA\u015eKANLI\u011eI SOSYAL TES\u0130S TAD\u0130LAT VE YEN\u0130LEME \u0130\u015e\u0130<\/li><\/ul>\n\n\n\n<p><\/p>\n<\/div><\/div>\n\n\n\n<p><\/p>\n\n\n\n<p><\/p>\n\n\n\n<div class=\"wp-block-group\"><div class=\"wp-block-group__inner-container is-layout-flow wp-block-group-is-layout-flow\">\n<div class=\"wp-block-columns is-layout-flex wp-container-core-columns-is-layout-9d6595d7 wp-block-columns-is-layout-flex\">\n<div class=\"wp-block-column is-layout-flow wp-block-column-is-layout-flow\" style=\"flex-basis:100%\">\n<div class=\"wp-block-group alignwide\"><div class=\"wp-block-group__inner-container is-layout-flow wp-block-group-is-layout-flow\">\n<div class=\"wp-block-media-text alignwide is-stacked-on-mobile\" style=\"grid-template-columns:15% auto\"><figure class=\"wp-block-media-text__media\"><img loading=\"lazy\" decoding=\"async\" width=\"156\" height=\"200\" src=\"http:\/\/www.fatihtasbilek.com.tr\/wp-content\/uploads\/2021\/08\/milli-savunma-bakanligi-logo-BB5BF19D8C-seeklogo.com_.png\" alt=\"\" class=\"wp-image-135 size-full\"\/><\/figure><div class=\"wp-block-media-text__content\">\n<ul class=\"wp-block-list\"><li>EDREM\u0130T ASKER HASTANES\u0130 KAZAN DA\u0130RES\u0130 MODERN\u0130ZASYONU \u0130\u015e\u0130<\/li><li>19.UNCU MOT.P.TUG.K.LI\u011eI A.\u00c7ET\u0130NKAYA KI\u015eLASI 1973-EPV-BET-107 NOLU KAZAN DA\u0130RES\u0130. \u00d6REN \u00d6EMK 1984-EPV-BET-006 NOLU KAZAN DA\u0130RES\u0130 VE ISI HATTI \u0130LE ALB.\u0130.KURANEL KI\u015eLASI 1990-ISM-BET-030 NOLU ISI MERKEZ\u0130 SICAK SU KAZANI VE ISI HATTI BAKIM ONARIMI \u0130\u015e\u0130<\/li><li>BAKIM OKULU VE E\u011e\u0130T\u0130M MERKEZ\u0130 KOMUTANLI\u011eI 1982-BET-180 ALB\u00dcM NUMARALI FAT\u0130H APT. KAZAN DA\u0130RES\u0130N\u0130N BAKIM ONARIMI \u0130\u015e\u0130<\/li><li>BAKIM OKULU VE E\u011e\u0130T\u0130M MERKEZ\u0130 KOMUTANLI\u011eI B\u0130NALARININ E\u015eANJ\u00d6R DA\u0130RELER\u0130 ISITMA VE BUHAR HATLARININ ONARIMI \u0130\u015e\u0130<\/li><li>BAKIM OKULU VE E\u011e\u0130T\u0130M MERKEZ\u0130 KOMUTANLI\u011eI 2003-ISM-YI\u011e-011, 1989-DRS-KAR-031,1980EPV-BET-022 VE 1986-ISM-BET-044 ALB\u00dcM NUMARALI ISI MERKEZLER\u0130N\u0130N B\u0130RLE\u015eT\u0130R\u0130LMES\u0130 VE ISITMA HATLARININ YEN\u0130LENMES\u0130 \u0130\u015e\u0130<\/li><li>K.ASB.MYO K.LI\u011eI ASTTASAK E\u011eT.TB.K.LI\u011eI B\u0130NASINA A\u0130T ISI MERKEZ\u0130 E\u015eANJ\u00d6R DA\u0130RES\u0130 ISI KANALLARI ONARIM \u0130\u015e\u0130<\/li><li>\u00c7ANAKKALE ASKER\u0130 GAZ\u0130NO M\u00dcD\u00dcRL\u00dc\u011e\u00dc TES\u0130SLER\u0130 DO\u011eALGAZ D\u00d6N\u00dc\u015e\u00dcM\u00dc, KAZAN DA\u0130RELER\u0130N\u0130N ONARIMI, KORUYUCU G\u00dcVENL\u0130K \u0130HT\u0130YA\u00c7LARININ G\u0130DER\u0130LMES\u0130 VE \u00c7ATI ONARIMLARININ YAPILMASI \u0130\u015e\u0130<\/li><li>4. KOLORDU GIDA KONTROL M\u00dcFREZE KOMUTANLI\u011eI B\u0130NASI \u0130N\u015eAATI T\u00dcM MEKAN\u0130K TES\u0130SAT \u0130\u015eLER\u0130<\/li><li>16&#8217;INCI JANDARMA E\u011e\u0130T\u0130M ALAY KOMUTANLI\u011eI MEKAN\u0130K TES\u0130SAT ONARIM \u0130\u015e\u0130<\/li><\/ul>\n<\/div><\/div>\n<\/div><\/div>\n<\/div>\n<\/div>\n<\/div><\/div>\n\n\n\n<div class=\"wp-block-group alignwide\"><div class=\"wp-block-group__inner-container is-layout-flow wp-block-group-is-layout-flow\">\n<div class=\"wp-block-media-text alignwide is-stacked-on-mobile\" style=\"grid-template-columns:15% auto\"><figure class=\"wp-block-media-text__media\"><img loading=\"lazy\" decoding=\"async\" width=\"875\" height=\"1024\" src=\"http:\/\/www.fatihtasbilek.com.tr\/wp-content\/uploads\/2021\/08\/gnkur-875x1024.png\" alt=\"\" class=\"wp-image-49 size-full\" srcset=\"http:\/\/www.fatihtasbilek.com.tr\/wp-content\/uploads\/2021\/08\/gnkur-875x1024.png 875w, http:\/\/www.fatihtasbilek.com.tr\/wp-content\/uploads\/2021\/08\/gnkur-256x300.png 256w, http:\/\/www.fatihtasbilek.com.tr\/wp-content\/uploads\/2021\/08\/gnkur-768x899.png 768w, http:\/\/www.fatihtasbilek.com.tr\/wp-content\/uploads\/2021\/08\/gnkur-1313x1536.png 1313w, http:\/\/www.fatihtasbilek.com.tr\/wp-content\/uploads\/2021\/08\/gnkur.png 1718w\" sizes=\"auto, (max-width: 875px) 100vw, 875px\" \/><\/figure><div class=\"wp-block-media-text__content\">\n<ul class=\"wp-block-list\"><li>GENEL KURMAY BA\u015eKANLI\u011eI ISI GALER\u0130LER\u0130 YAPIMI \u0130\u015e\u0130<\/li><li>GENEL KURMAY BA\u015eKANLI\u011eI DESTEK KITALARI GRUP KOMUTANLI\u011eI ISITMA,SO\u011eUTMA VE HAVALANDIRMA TES\u0130SATLARININ YAPIM \u0130\u015e\u0130<\/li><li>GENEL KURMAY BA\u015eKANLI\u011eI SA\u011eLIK KOMUTANLI\u011eI ISITMA,SO\u011eUTMA VE HAVALANDIRMA TES\u0130SATININ YAPILMASI \u0130\u015e\u0130<\/li><li>GENEL KURMAY BA\u015eKANLI\u011eI NATO B\u0130NASI ISITMA,SO\u011eUTMA VE HAVALANDIRMA TES\u0130SATININ YAPILMASI \u0130\u015e\u0130<\/li><li>GENEL KURMAY BA\u015eKANLI\u011eI VE M\u0130LL\u0130 SAVUNMA BAKANLI\u011eI B\u0130NALARI ISITMA, SO\u011eUTMA VE HAVALANDIRMA TES\u0130STALARININ YAPILMASI \u0130\u015e\u0130<\/li><li>GENELKURMAY BA\u015eKANLI\u011eI KARARGAH B\u0130NASI VE YEN\u0130 KARARGAH B\u0130NASI ISITMA, SO\u011eUTMA VE HAVALANDIRMA TES\u0130SATININ YAPILMASI \u0130\u015e\u0130<\/li><li>GENELKURMAY BA\u015eKANLI\u011eI ISI MERKEZ\u0130 VE SO\u011eUTMA MERKEZ\u0130N\u0130N YAPIM \u0130\u015e\u0130<\/li><li>GENEL KURMAY BA\u015eKANLI\u011eI ORBAY SALONU ISI GALER\u0130S\u0130 TAD\u0130LTI \u0130\u015e\u0130<\/li><\/ul>\n<\/div><\/div>\n<\/div><\/div>\n\n\n\n<div class=\"wp-block-media-text alignwide is-stacked-on-mobile\" style=\"grid-template-columns:15% auto\"><figure class=\"wp-block-media-text__media\"><img loading=\"lazy\" decoding=\"async\" width=\"125\" height=\"154\" src=\"http:\/\/www.fatihtasbilek.com.tr\/wp-content\/uploads\/2021\/08\/5793.jpg\" alt=\"\" class=\"wp-image-139 size-full\"\/><\/figure><div class=\"wp-block-media-text__content\">\n<ul class=\"wp-block-list\"><li>T\u00dcB\u0130TAK SAGE MUHTEL\u0130F TAD\u0130LAT YAPIM \u0130\u015e\u0130<\/li><li>T\u00dcB\u0130TAK SAGE MERKEZ\u0130 KOMPRESS\u00d6R S\u0130STEM\u0130 KURULUMU \u0130\u015e\u0130 <\/li><li>T\u00dcB\u0130TAK SAGE F\u00dcZE ENTEGRASYON B\u0130NASI TAMAMLAMA YAPIM \u0130\u015e\u0130<\/li><\/ul>\n\n\n\n<p><\/p>\n<\/div><\/div>\n\n\n\n<div class=\"wp-block-media-text alignwide is-stacked-on-mobile\" style=\"grid-template-columns:15% auto\"><figure class=\"wp-block-media-text__media\"><img loading=\"lazy\" decoding=\"async\" width=\"125\" height=\"62\" src=\"http:\/\/www.fatihtasbilek.com.tr\/wp-content\/uploads\/2021\/08\/5800.jpg\" alt=\"\" class=\"wp-image-152 size-full\"\/><\/figure><div class=\"wp-block-media-text__content\">\n<ul class=\"wp-block-list\"><li>B\u0130RLE\u015eM\u0130\u015e M\u0130LLETLER KALKINMA PROGRAMI (UNDP) YEN\u0130 MERKEZ\u0130 T\u00dcM MEKAN\u0130K \u0130\u015eLER\u0130 YAPIMI<\/li><li>B\u0130RLE\u015eM\u0130\u015e M\u0130LLETLER \u00c7ALI\u015eMA \u00d6RG\u00dcT\u00dc (ILO) ISI MERKEZ\u0130 REV\u0130ZYONU \u0130\u015e\u0130<\/li><\/ul>\n<\/div><\/div>\n\n\n\n<p><\/p>\n\n\n\n<p><\/p>\n\n\n\n<div class=\"wp-block-media-text alignwide is-stacked-on-mobile\" style=\"grid-template-columns:15% auto\"><figure class=\"wp-block-media-text__media\"><img loading=\"lazy\" decoding=\"async\" width=\"125\" height=\"153\" src=\"http:\/\/www.fatihtasbilek.com.tr\/wp-content\/uploads\/2021\/08\/5758.jpg\" alt=\"\" class=\"wp-image-151 size-full\"\/><\/figure><div class=\"wp-block-media-text__content\">\n<ul class=\"wp-block-list\"><li>BEYPAZARI EVL\u0130YA \u00c7ELEB\u0130 MESLEK\u0130 TEKN\u0130K ANADOLU L\u0130SES\u0130 KAZAN DA\u0130RES\u0130 REV\u0130ZYONU \u0130\u015e\u0130<\/li><li>BEYPAZARI FAT\u0130H MESLEK\u0130 TEKN\u0130K ANADOLU L\u0130SES\u0130 KAZAN DA\u0130RES\u0130 REV\u0130ZYONU \u0130\u015e\u0130<\/li><li>POLATLI \u0130ST\u0130KLAL \u0130LK\u00d6\u011eRET\u0130M OKULU KAZAN DA\u0130RES\u0130 REV\u0130ZYONU \u0130\u015e\u0130<\/li><li>POLATLI 13 EYL\u00dcL \u0130LK\u00d6\u011eRET\u0130M OKULU KAZAN DA\u0130RES\u0130 REV\u0130ZYONU \u0130\u015e\u0130<\/li><li>S\u0130NCAN MEL\u0130K\u015eAH \u0130LK\u00d6\u011eRET\u0130M OKULU KAZAN DA\u0130RES\u0130 REV\u0130ZYONU \u0130\u015e\u0130<\/li><li>S\u0130NCAN 100. YIL \u0130LK\u00d6\u011eRET\u0130M OKULU KAZAN DA\u0130RES\u0130 REV\u0130ZYONU<\/li><li>S\u0130NCAN GAZNEL\u0130LER \u0130LK\u00d6\u011eRET\u0130M OKULU ELEKTR\u0130K TES\u0130SATI REV\u0130ZYONU \u0130\u015e\u0130<\/li><\/ul>\n\n\n\n<p><\/p>\n<\/div><\/div>\n\n\n\n<p><\/p>\n","protected":false},"excerpt":{"rendered":"<p>TC. CUMHURBA\u015eKANLI\u011eI SOSYAL TES\u0130S TAD\u0130LAT VE YEN\u0130LEME \u0130\u015e\u0130 EDREM\u0130T ASKER HASTANES\u0130 KAZAN DA\u0130RES\u0130 MODERN\u0130ZASYONU \u0130\u015e\u0130 19.UNCU MOT.P.TUG.K.LI\u011eI A.\u00c7ET\u0130NKAYA KI\u015eLASI 1973-EPV-BET-107 NOLU KAZAN DA\u0130RES\u0130. \u00d6REN \u00d6EMK 1984-EPV-BET-006 NOLU KAZAN DA\u0130RES\u0130 VE ISI HATTI \u0130LE ALB.\u0130.KURANEL KI\u015eLASI 1990-ISM-BET-030 NOLU ISI MERKEZ\u0130 SICAK SU KAZANI VE ISI HATTI BAKIM ONARIMI \u0130\u015e\u0130 BAKIM OKULU VE E\u011e\u0130T\u0130M MERKEZ\u0130 KOMUTANLI\u011eI 1982-BET-180&hellip; <br \/> <a class=\"read-more\" href=\"http:\/\/www.fatihtasbilek.com.tr\/index.php\/tamamlanan-projeler\/\">Devam\u0131<\/a><\/p>\n","protected":false},"author":1,"featured_media":0,"parent":0,"menu_order":0,"comment_status":"closed","ping_status":"closed","template":"","meta":{"footnotes":""},"class_list":["post-27","page","type-page","status-publish","hentry"],"_links":{"self":[{"href":"http:\/\/www.fatihtasbilek.com.tr\/index.php\/wp-json\/wp\/v2\/pages\/27","targetHints":{"allow":["GET"]}}],"collection":[{"href":"http:\/\/www.fatihtasbilek.com.tr\/index.php\/wp-json\/wp\/v2\/pages"}],"about":[{"href":"http:\/\/www.fatihtasbilek.com.tr\/index.php\/wp-json\/wp\/v2\/types\/page"}],"author":[{"embeddable":true,"href":"http:\/\/www.fatihtasbilek.com.tr\/index.php\/wp-json\/wp\/v2\/users\/1"}],"replies":[{"embeddable":true,"href":"http:\/\/www.fatihtasbilek.com.tr\/index.php\/wp-json\/wp\/v2\/comments?post=27"}],"version-history":[{"count":12,"href":"http:\/\/www.fatihtasbilek.com.tr\/index.php\/wp-json\/wp\/v2\/pages\/27\/revisions"}],"predecessor-version":[{"id":159,"href":"http:\/\/www.fatihtasbilek.com.tr\/index.php\/wp-json\/wp\/v2\/pages\/27\/revisions\/159"}],"wp:attachment":[{"href":"http:\/\/www.fatihtasbilek.com.tr\/index.php\/wp-json\/wp\/v2\/media?parent=27"}],"curies":[{"name":"wp","href":"https:\/\/api.w.org\/{rel}","templated":true}]}}